{"id":367,"date":"2020-07-25T10:56:06","date_gmt":"2020-07-25T08:56:06","guid":{"rendered":"http:\/\/sendenhorst2020.de\/?page_id=367"},"modified":"2020-07-25T10:56:06","modified_gmt":"2020-07-25T08:56:06","slug":"impressum","status":"publish","type":"page","link":"https:\/\/sendenhorst2020.de\/?page_id=367","title":{"rendered":"Impressum"},"content":{"rendered":"\n<p>Impressum<\/p>\n\n\n\n<p>Angaben gem\u00e4\u00df \u00a7 5 TMG:<\/p>\n\n\n\n<p>SPD-Stadtverband Sendenhorst<br>Rudolf-Harbig-Str. 7<\/p>\n\n\n\n<p>48324 Sendenhorst<\/p>\n\n\n\n<p>E-Mail: <a href=\"mailto:warendorf.nrw@spd.de\">info{at}spd-sendenhorst.de<\/a><\/p>\n\n\n\n<p>Verantwortlich f\u00fcr den Inhalt nach \u00a7 55 Abs. 2 RStV:<\/p>\n\n\n\n<p>Annette Watermann-Krass<\/p>\n\n\n\n<p>Stadtverbandsvorsitzende<\/p>\n\n\n\n<p>Adresse wie oben.<\/p>\n\n\n\n<p>Die Website wird mit WordPress gestaltet.<\/p>\n\n\n\n<p>Alle Texte, Fotos und sonstige Gestaltungselemente dieses Internetangebots sind f\u00fcr den Herausgeber urheberrechtlich gesch\u00fctzt, sofern nicht ein anderer Urheber oder ein anderer Urheberrechtsinhaber angegeben ist. Jede Nutzung dieser Inhalte darf nur mit schriftlicher Zustimmung des Herausgebers erfolgen. Soweit als Urheber oder Urheberrechtsinhaber ein Dritter angegeben ist, sind keine Nutzungsrechte f\u00fcr eine \u00dcbernahme dieser Inhalte f\u00fcr andere Nutzungen erteilt worden.<\/p>\n\n\n\n<p>Wir halten auf unseren Internetseiten Links zu anderen Web-Seiten vor bzw. binden entsprechende Inhalte ein. Da wir keinen Einfluss auf die Gestaltung sowie die Inhalte dieser Seiten haben, \u00fcbernehmen wir f\u00fcr diese auch keine Haftung.<\/p>\n\n\n\n<p>Die Datenschutzhinweise, die erl\u00e4utern, wie wir mit Ihren pers\u00f6nlichen Daten umgehen, einschlie\u00dflich der Kontaktdaten zum Datenschutzbeauftragten, haben wir auf einer separaten Seite zusammengestellt.<\/p>\n","protected":false},"excerpt":{"rendered":"<p>Impressum Angaben gem\u00e4\u00df \u00a7 5 TMG: SPD-Stadtverband SendenhorstRudolf-Harbig-Str. 7 48324 Sendenhorst E-Mail: info{at}spd-sendenhorst.de Verantwortlich f\u00fcr den Inhalt nach \u00a7 55 Abs. 2 RStV: Annette Watermann-Krass [&#8230;]<\/p>\n","protected":false},"author":1,"featured_media":0,"parent":0,"menu_order":0,"comment_status":"closed","ping_status":"closed","template":"","meta":[],"_links":{"self":[{"href":"https:\/\/sendenhorst2020.de\/index.php?rest_route=\/wp\/v2\/pages\/367"}],"collection":[{"href":"https:\/\/sendenhorst2020.de\/index.php?rest_route=\/wp\/v2\/pages"}],"about":[{"href":"https:\/\/sendenhorst2020.de\/index.php?rest_route=\/wp\/v2\/types\/page"}],"author":[{"embeddable":true,"href":"https:\/\/sendenhorst2020.de\/index.php?rest_route=\/wp\/v2\/users\/1"}],"replies":[{"embeddable":true,"href":"https:\/\/sendenhorst2020.de\/index.php?rest_route=%2Fwp%2Fv2%2Fcomments&post=367"}],"version-history":[{"count":1,"href":"https:\/\/sendenhorst2020.de\/index.php?rest_route=\/wp\/v2\/pages\/367\/revisions"}],"predecessor-version":[{"id":369,"href":"https:\/\/sendenhorst2020.de\/index.php?rest_route=\/wp\/v2\/pages\/367\/revisions\/369"}],"wp:attachment":[{"href":"https:\/\/sendenhorst2020.de\/index.php?rest_route=%2Fwp%2Fv2%2Fmedia&parent=367"}],"curies":[{"name":"wp","href":"https:\/\/api.w.org\/{rel}","templated":true}]}}